{"id":1168,"date":"2023-05-25T20:26:26","date_gmt":"2023-05-25T20:26:26","guid":{"rendered":"https:\/\/eficienciacontable.com\/?page_id=1168"},"modified":"2023-05-25T20:54:55","modified_gmt":"2023-05-25T20:54:55","slug":"politica-de-cookies","status":"publish","type":"page","link":"https:\/\/eficienciacontable.com\/index.php\/politica-de-cookies\/","title":{"rendered":"Pol\u00edtica de cookies"},"content":{"rendered":"\t\t<div data-elementor-type=\"wp-page\" data-elementor-id=\"1168\" class=\"elementor elementor-1168\" data-elementor-post-type=\"page\">\n\t\t\t\t\t\t<section class=\"elementor-section elementor-top-section elementor-element elementor-element-cbb4f71 elementor-section-boxed elementor-section-height-default elementor-section-height-default\" data-id=\"cbb4f71\" data-element_type=\"section\" data-settings=\"{&quot;background_background&quot;:&quot;classic&quot;}\">\n\t\t\t\t\t\t<div class=\"elementor-container elementor-column-gap-default\">\n\t\t\t\t\t<div class=\"elementor-column elementor-col-100 elementor-top-column elementor-element elementor-element-7372812\" data-id=\"7372812\" data-element_type=\"column\">\n\t\t\t<div class=\"elementor-widget-wrap elementor-element-populated\">\n\t\t\t\t\t\t<div class=\"elementor-element elementor-element-777d400 elementor-widget elementor-widget-heading\" data-id=\"777d400\" data-element_type=\"widget\" data-widget_type=\"heading.default\">\n\t\t\t\t<div class=\"elementor-widget-container\">\n\t\t\t<style>\/*! elementor - v3.23.0 - 05-08-2024 *\/\n.elementor-heading-title{padding:0;margin:0;line-height:1}.elementor-widget-heading .elementor-heading-title[class*=elementor-size-]>a{color:inherit;font-size:inherit;line-height:inherit}.elementor-widget-heading .elementor-heading-title.elementor-size-small{font-size:15px}.elementor-widget-heading .elementor-heading-title.elementor-size-medium{font-size:19px}.elementor-widget-heading .elementor-heading-title.elementor-size-large{font-size:29px}.elementor-widget-heading .elementor-heading-title.elementor-size-xl{font-size:39px}.elementor-widget-heading .elementor-heading-title.elementor-size-xxl{font-size:59px}<\/style><h2 class=\"elementor-heading-title elementor-size-default\">Pol\u00edtica de Cookies<\/h2>\t\t<\/div>\n\t\t\t\t<\/div>\n\t\t\t\t<div class=\"elementor-element elementor-element-ff23537 elementor-widget elementor-widget-text-editor\" data-id=\"ff23537\" data-element_type=\"widget\" data-widget_type=\"text-editor.default\">\n\t\t\t\t<div class=\"elementor-widget-container\">\n\t\t\t<style>\/*! elementor - v3.23.0 - 05-08-2024 *\/\n.elementor-widget-text-editor.elementor-drop-cap-view-stacked .elementor-drop-cap{background-color:#69727d;color:#fff}.elementor-widget-text-editor.elementor-drop-cap-view-framed .elementor-drop-cap{color:#69727d;border:3px solid;background-color:transparent}.elementor-widget-text-editor:not(.elementor-drop-cap-view-default) .elementor-drop-cap{margin-top:8px}.elementor-widget-text-editor:not(.elementor-drop-cap-view-default) .elementor-drop-cap-letter{width:1em;height:1em}.elementor-widget-text-editor .elementor-drop-cap{float:left;text-align:center;line-height:1;font-size:50px}.elementor-widget-text-editor .elementor-drop-cap-letter{display:inline-block}<\/style>\t\t\t\t<section class=\"elementor-section elementor-top-section elementor-element elementor-element-34a0f9b8 elementor-section-height-min-height elementor-section-items-bottom elementor-section-boxed elementor-section-height-default\" data-id=\"34a0f9b8\" data-element_type=\"section\" data-settings=\"{&quot;background_background&quot;:&quot;gradient&quot;}\">\n<div class=\"elementor-container elementor-column-gap-no\">\n<div class=\"elementor-column elementor-col-100 elementor-top-column elementor-element elementor-element-517bafa0\" data-id=\"517bafa0\" data-element_type=\"column\">\n<div class=\"elementor-widget-wrap elementor-element-populated\"><br>\n<div class=\"elementor-element elementor-element-ab6d70d elementor-widget elementor-widget-spacer\" data-id=\"ab6d70d\" data-element_type=\"widget\" data-widget_type=\"spacer.default\">\n<div class=\"elementor-widget-container\">\n<div class=\"elementor-spacer\">\n<div class=\"elementor-spacer-inner\">&nbsp;<\/div><\/div><\/div><\/div><\/div><\/div><\/div><\/section><section class=\"elementor-section elementor-top-section elementor-element elementor-element-73004f70 elementor-section-height-min-height elementor-section-boxed elementor-section-height-default elementor-section-items-middle\" data-id=\"73004f70\" data-element_type=\"section\" data-settings=\"{&quot;background_background&quot;:&quot;gradient&quot;}\"><div class=\"elementor-container elementor-column-gap-no\"><div class=\"elementor-column elementor-col-100 elementor-top-column elementor-element elementor-element-12c5b1d\" data-id=\"12c5b1d\" data-element_type=\"column\"><div class=\"elementor-widget-wrap elementor-element-populated\">\n<div class=\"elementor-element elementor-element-19f999c elementor-widget elementor-widget-text-editor\" data-id=\"19f999c\" data-element_type=\"widget\" data-widget_type=\"text-editor.default\">\n<div class=\"elementor-widget-container\">\n<p class=\"p1\"><b>SOBRE LAS COOKIES<\/b><\/p>\n<p class=\"p1\">Consideramos importante explicar que son las \u2018\u2019Cookies\u2019\u2019 y como se utilizan en esta p\u00e1gina web:<\/p>\n<p class=\"p1\">Al respecto, las \u201ccookies\u201d son peque\u00f1os archivos que los sitios web transfieren a tu computadora cuando visitas sitios web o guardas la direcci\u00f3n en tu navegador, almacenando informaci\u00f3n sobre tus preferencias. Nuestra p\u00e1gina web usa \u201ccookies\u201d para su correcto funcionamiento y para medir tu actividad y personalizar la informaci\u00f3n mostrada de acuerdo con tus intereses personales. Por lo tanto, con excepci\u00f3n de las cookies que resultan necesarias\u00b9 para la navegaci\u00f3n en el sitio web y sus respectivas funcionalidades, solo usaremos cookies si usted nos ha permitido hacerlo marcando la casilla \u201cS\u00ed, acepto el uso de cookies\u201d.<\/p>\n<p class=\"p1\"><b>\u00bfPARA QU\u00c9 UTILIZAMOS LAS COOKIES?<\/b><\/p>\n<p class=\"p1\">La finalidad de las cookies es asegurar el funcionamiento de nuestro sitio web, as\u00ed como mejorar la experiencia de nuestros usuarios. Es decir, usamos los archivos \u2018\u2019cookies\u2019\u2019 para: (i) Que nuestra p\u00e1gina web resulte utilizable, activando funciones b\u00e1sicas y necesarias para este fin; (ii) Obtener estad\u00edsticas sobre la navegaci\u00f3n de los usuarios en nuestro sitio web y permitir con esto mejorar su experiencia; (iii) Almacenar informaci\u00f3n sobre el inicio de sesi\u00f3n; (iv) Conocer sus preferencias sobre nuestros productos y\/o servicios.<\/p>\n<p class=\"p1\"><b>COOKIES QUE REQUIEREN SU CONSENTIMIENTO<\/b><\/p>\n<p class=\"p1\">\u25cf Las cookies de preferencias permiten a la p\u00e1gina web recordar informaci\u00f3n que cambia la forma en que la p\u00e1gina se comporta o el aspecto que tiene, como su idioma preferido o la regi\u00f3n en la que usted se encuentra.<\/p>\n<p class=\"p1\">\u25cf Las cookies de marketing se utilizan para rastrear a los visitantes en las p\u00e1ginas web. La intenci\u00f3n es mostrar anuncios relevantes y atractivos para el usuario individual, y por lo tanto, m\u00e1s valiosos para los editores y terceros anunciantes<\/p>\n<p class=\"p1\"><b>COOKIES UTILIZADAS EN NUESTRO SITIO WEB<\/b><\/p>\n<p class=\"p1\">Usamos las siguientes categor\u00edas de cookies en este sitio web:<\/p>\n<p class=\"p1\">Cookies permanentes. Las cookies permanentes permanecen en la computadora \/ dispositivo del usuario durante un per\u00edodo de tiempo predefinido. Las cookies permanentes se utilizan para recopilar informaci\u00f3n de identificaci\u00f3n sobre el usuario, como el comportamiento de navegaci\u00f3n o las preferencias del usuario para un sitio web espec\u00edfico.<\/p>\n<p class=\"p1\">Cookies de sesi\u00f3n. Las cookies de sesi\u00f3n se almacenan temporalmente en su navegador de Internet y se borran cuando se cierra el navegador.<\/p>\n<p class=\"p1\">Cookies de terceros: las cookies de terceros permiten que terceros descarguen cookies en su dispositivo. Se pueden utilizar para rastrear su historial de navegaci\u00f3n o permitirle enviar una p\u00e1gina desde nuestro sitio web a su cuenta de redes sociales como Facebook o Twitter.<\/p>\n<p class=\"p1\">Cookies necesarias: Este tipo de cookies ayudan a hacer una p\u00e1gina web utilizable, activando funciones b\u00e1sicas como la navegaci\u00f3n en la p\u00e1gina y el acceso a \u00e1reas seguras de la p\u00e1gina web. La p\u00e1gina web no puede funcionar adecuadamente sin estas cookies.<\/p>\n<p class=\"p1\">Cookies estad\u00edsticas: Las cookies estad\u00edsticas nos ayudan a comprender c\u00f3mo interact\u00faan los visitantes de nuestra p\u00e1gina web, reuniendo y proporcionando informaci\u00f3n de forma an\u00f3nima.<\/p>\n<p class=\"p1\">Cookies de marketing: Las cookies de marketing se utilizan para rastrear a los visitantes en las p\u00e1ginas<\/p>\n<p class=\"p1\">web. La intenci\u00f3n es mostrar anuncios relevantes y atractivos para el usuario individual, y por lo tanto, m\u00e1s valiosos para los editores y terceros anunciantes.<\/p>\n<p class=\"p1\"><b>ELIMINACI\u00d3N DE COOKIES<\/b><\/p>\n<p class=\"p1\">Las cookies implementadas en nuestra p\u00e1gina web podr\u00e1n ser conservadas de manera permanente o por un plazo m\u00e1ximo de hasta 2 a\u00f1os, dependiendo del tipo de cookie. Usted podr\u00e1 permitir, bloquear o eliminar las cookies instaladas en su equipo mediante la configuraci\u00f3n de las opciones de su navegador de internet, para lo cual podr\u00e1 ingresar a los siguientes enlaces:<\/p>\n<p class=\"p2\"><a href=\"https:\/\/support.google.com\/chrome\/answer\/95647?hl=es\"><b>Google Chrome<\/b><\/a><\/p>\n<p class=\"p2\"><a href=\"https:\/\/support.mozilla.org\/es\/kb\/cookies-informacion-que-los-sitios-web-guardan-en-?redirectlocale=en-US&amp;redirectslug=Cookies\"><b>Mozilla Firefox<\/b><\/a><\/p>\n<p class=\"p2\"><a href=\"https:\/\/support.microsoft.com\/es-es\/topic\/c%25C3%25B3mo-eliminar-archivos-de-cookies-en-internet-explorer-bca9446f-d873-78de-77ba-d42645fa52fc\"><b>Internet Explorer<\/b><\/a><\/p>\n<p class=\"p2\"><a href=\"https:\/\/support.apple.com\/es-es\/HT201265\"><b>Safari para IOS (iPhone, iPad)<\/b><\/a><\/p>\n<p class=\"p1\">Para obtener mayor informaci\u00f3n sobre el tratamiento de sus datos personales, puede dirigirse a la Pol\u00edtica de Privacidad de Sievert, a la cual podr\u00e1 acceder ingresando en el siguiente link<\/p>\n<p class=\"p1\"><i>\u00b9 Las cookies necesarias ayudan a hacer una p\u00e1gina web utilizable activando funciones b\u00e1sicas como la navegaci\u00f3n en la p\u00e1gina y el acceso a \u00e1reas seguras de la p\u00e1gina web. La p\u00e1gina web no puede funcionar adecuadamente sin estas cookies.<\/i><\/p>\n<\/div>\n<\/div>\n<\/div>\n<\/div>\n<\/div>\n<\/section>\t\t\t\t\t\t<\/div>\n\t\t\t\t<\/div>\n\t\t\t\t\t<\/div>\n\t\t<\/div>\n\t\t\t\t\t<\/div>\n\t\t<\/section>\n\t\t\t\t<\/div>\n\t\t","protected":false},"excerpt":{"rendered":"<p>Pol\u00edtica de Cookies &nbsp; SOBRE LAS COOKIES Consideramos importante explicar que son las \u2018\u2019Cookies\u2019\u2019 y como se utilizan en esta p\u00e1gina web: Al respecto, las \u201ccookies\u201d son peque\u00f1os archivos que los sitios web transfieren a tu computadora cuando visitas sitios web o guardas la direcci\u00f3n en tu navegador, almacenando informaci\u00f3n sobre tus preferencias. Nuestra p\u00e1gina [&hellip;]<\/p>\n","protected":false},"author":1,"featured_media":0,"parent":0,"menu_order":0,"comment_status":"closed","ping_status":"closed","template":"","meta":[],"_links":{"self":[{"href":"https:\/\/eficienciacontable.com\/index.php\/wp-json\/wp\/v2\/pages\/1168"}],"collection":[{"href":"https:\/\/eficienciacontable.com\/index.php\/wp-json\/wp\/v2\/pages"}],"about":[{"href":"https:\/\/eficienciacontable.com\/index.php\/wp-json\/wp\/v2\/types\/page"}],"author":[{"embeddable":true,"href":"https:\/\/eficienciacontable.com\/index.php\/wp-json\/wp\/v2\/users\/1"}],"replies":[{"embeddable":true,"href":"https:\/\/eficienciacontable.com\/index.php\/wp-json\/wp\/v2\/comments?post=1168"}],"version-history":[{"count":27,"href":"https:\/\/eficienciacontable.com\/index.php\/wp-json\/wp\/v2\/pages\/1168\/revisions"}],"predecessor-version":[{"id":1198,"href":"https:\/\/eficienciacontable.com\/index.php\/wp-json\/wp\/v2\/pages\/1168\/revisions\/1198"}],"wp:attachment":[{"href":"https:\/\/eficienciacontable.com\/index.php\/wp-json\/wp\/v2\/media?parent=1168"}],"curies":[{"name":"wp","href":"https:\/\/api.w.org\/{rel}","templated":true}]}}